{"id":1105,"date":"2022-10-19T08:15:41","date_gmt":"2022-10-19T08:15:41","guid":{"rendered":"https:\/\/startersites.io\/elementor\/wedding\/?page_id=1105"},"modified":"2026-01-31T11:47:58","modified_gmt":"2026-01-31T11:47:58","slug":"contact","status":"publish","type":"page","link":"https:\/\/restaurantriver.co.uk\/index.php\/contact\/","title":{"rendered":"Contact"},"content":{"rendered":"\t\t<div data-elementor-type=\"wp-page\" data-elementor-id=\"1105\" class=\"elementor elementor-1105\">\n\t\t\t\t<div class=\"elementor-element elementor-element-692ee66 e-flex e-con-boxed e-con e-parent\" data-id=\"692ee66\" data-element_type=\"container\" data-settings=\"{&quot;background_background&quot;:&quot;classic&quot;}\">\n\t\t\t\t\t<div class=\"e-con-inner\">\n\t\t\t\t<div class=\"elementor-element elementor-element-51ccdf1 elementor-widget elementor-widget-heading\" data-id=\"51ccdf1\" data-element_type=\"widget\" data-widget_type=\"heading.default\">\n\t\t\t\t\t<h2 class=\"elementor-heading-title elementor-size-default\">Contacteaz\u0103-ne<\/h2>\t\t\t\t<\/div>\n\t\t\t\t\t<\/div>\n\t\t\t\t<\/div>\n\t\t<div class=\"elementor-element elementor-element-7391fe1 e-flex e-con-boxed e-con e-parent\" data-id=\"7391fe1\" data-element_type=\"container\">\n\t\t\t\t\t<div class=\"e-con-inner\">\n\t\t<div class=\"elementor-element elementor-element-3896edc e-flex e-con-boxed e-con e-child\" data-id=\"3896edc\" data-element_type=\"container\" data-settings=\"{&quot;background_background&quot;:&quot;classic&quot;}\">\n\t\t\t\t\t<div class=\"e-con-inner\">\n\t\t<div class=\"elementor-element elementor-element-757177c e-flex e-con-boxed e-con e-child\" data-id=\"757177c\" data-element_type=\"container\">\n\t\t\t\t\t<div class=\"e-con-inner\">\n\t\t\t\t<div class=\"elementor-element elementor-element-d527863 elementor-view-default elementor-position-top elementor-mobile-position-top elementor-widget elementor-widget-icon-box\" data-id=\"d527863\" data-element_type=\"widget\" data-widget_type=\"icon-box.default\">\n\t\t\t\t\t\t\t<div class=\"elementor-icon-box-wrapper\">\n\n\t\t\t\t\t\t<div class=\"elementor-icon-box-icon\">\n\t\t\t\t<span  class=\"elementor-icon\">\n\t\t\t\t<svg xmlns=\"http:\/\/www.w3.org\/2000\/svg\" xmlns:xlink=\"http:\/\/www.w3.org\/1999\/xlink\" id=\"Layer_1\" x=\"0px\" y=\"0px\" viewBox=\"0 0 40 40\" style=\"enable-background:new 0 0 40 40;\" xml:space=\"preserve\"><path d=\"M20,10.5c-2.9,0-5.2,2.4-5.2,5.3c0,2.9,2.4,5.2,5.2,5.2c0,0,0,0,0.1,0c2.9,0,5.2-2.4,5.2-5.3c0-1.4-0.6-2.7-1.6-3.7 C22.7,11,21.4,10.5,20,10.5z M20.1,19C20.1,19,20.1,19,20.1,19c-1.8,0-3.3-1.5-3.3-3.3c0-1.8,1.5-3.3,3.3-3.3h0c0,0,0,0,0,0 c0.9,0,1.7,0.3,2.3,0.9c0.6,0.6,1,1.4,1,2.3C23.4,17.5,21.9,19,20.1,19z M34.3,9.5C33.6,7.7,32.4,6,31,4.6c-1.4-1.4-3.1-2.6-4.9-3.3 C24.1,0.4,22.1,0,20,0c-2.1,0-4.1,0.4-6.1,1.2C12.1,2,10.4,3.1,9,4.6S6.4,7.7,5.7,9.5c-0.8,1.9-1.2,4-1.2,6.1c0,3.1,1.8,7.3,5.4,13 c2.8,4.3,6,8.3,7.6,10.3C18.1,39.6,19,40,20,40c1,0,1.9-0.4,2.5-1.2c1.6-2,4.8-6,7.6-10.3c3.6-5.6,5.4-9.9,5.4-13 C35.6,13.5,35.2,11.4,34.3,9.5z M21,37.6c-0.5,0.7-1.5,0.7-2.1,0c-3.2-3.8-12.6-15.8-12.6-22C6.4,8,12.5,1.9,20,1.9 c7.5,0,13.6,6.1,13.6,13.6C33.6,21.8,24.2,33.7,21,37.6z\"><\/path><\/svg>\t\t\t\t<\/span>\n\t\t\t<\/div>\n\t\t\t\n\t\t\t\t\t\t<div class=\"elementor-icon-box-content\">\n\n\t\t\t\t\t\t\t\t\t<h5 class=\"elementor-icon-box-title\">\n\t\t\t\t\t\t<span  >\n\t\t\t\t\t\t\tAdres\u0103\t\t\t\t\t\t<\/span>\n\t\t\t\t\t<\/h5>\n\t\t\t\t\n\t\t\t\t\t\t\t\t\t<p class=\"elementor-icon-box-description\">\n\t\t\t\t\t\t113 River Road, Barking\nIG11 0EG\t\t\t\t\t<\/p>\n\t\t\t\t\n\t\t\t<\/div>\n\t\t\t\n\t\t<\/div>\n\t\t\t\t\t\t<\/div>\n\t\t\t\t\t<\/div>\n\t\t\t\t<\/div>\n\t\t<div class=\"elementor-element elementor-element-ee4adbb e-flex e-con-boxed e-con e-child\" data-id=\"ee4adbb\" data-element_type=\"container\">\n\t\t\t\t\t<div class=\"e-con-inner\">\n\t\t\t\t<div class=\"elementor-element elementor-element-b0e0e87 elementor-view-default elementor-position-top elementor-mobile-position-top elementor-widget elementor-widget-icon-box\" data-id=\"b0e0e87\" data-element_type=\"widget\" data-widget_type=\"icon-box.default\">\n\t\t\t\t\t\t\t<div class=\"elementor-icon-box-wrapper\">\n\n\t\t\t\t\t\t<div class=\"elementor-icon-box-icon\">\n\t\t\t\t<span  class=\"elementor-icon\">\n\t\t\t\t<svg xmlns=\"http:\/\/www.w3.org\/2000\/svg\" xmlns:xlink=\"http:\/\/www.w3.org\/1999\/xlink\" id=\"Layer_1\" x=\"0px\" y=\"0px\" viewBox=\"0 0 40 40\" style=\"enable-background:new 0 0 40 40;\" xml:space=\"preserve\"><path d=\"M31.6,13.6c0.3,0.4,0.2,1-0.2,1.3l-10.9,8.3c-0.2,0.1-0.4,0.2-0.5,0.2c-0.2,0-0.4-0.1-0.5-0.2L8.6,14.9 c-0.4-0.3-0.5-0.9-0.2-1.3c0.3-0.4,0.9-0.5,1.3-0.2L20,21.3l10.4-7.9C30.7,13.2,31.3,13.2,31.6,13.6z M40,9.9v20.2 c0,2.8-2.3,5.1-5.1,5.1H5.1c-2.8,0-5.1-2.3-5.1-5.1V9.9c0-2.8,2.3-5.1,5.1-5.1h29.9C37.7,4.8,40,7.1,40,9.9z M38.2,9.9 c0-1.8-1.5-3.3-3.3-3.3H5.1c-1.8,0-3.3,1.5-3.3,3.3v20.2c0,1.8,1.5,3.3,3.3,3.3h29.9c1.8,0,3.3-1.5,3.3-3.3V9.9z\"><\/path><\/svg>\t\t\t\t<\/span>\n\t\t\t<\/div>\n\t\t\t\n\t\t\t\t\t\t<div class=\"elementor-icon-box-content\">\n\n\t\t\t\t\t\t\t\t\t<h5 class=\"elementor-icon-box-title\">\n\t\t\t\t\t\t<span  >\n\t\t\t\t\t\t\tEmail\t\t\t\t\t\t<\/span>\n\t\t\t\t\t<\/h5>\n\t\t\t\t\n\t\t\t\t\t\t\t\t\t<p class=\"elementor-icon-box-description\">\n\t\t\t\t\t\trestaurant_river@yahoo.com\t\t\t\t\t<\/p>\n\t\t\t\t\n\t\t\t<\/div>\n\t\t\t\n\t\t<\/div>\n\t\t\t\t\t\t<\/div>\n\t\t\t\t\t<\/div>\n\t\t\t\t<\/div>\n\t\t<div class=\"elementor-element elementor-element-ebb8fd8 e-flex e-con-boxed e-con e-child\" data-id=\"ebb8fd8\" data-element_type=\"container\">\n\t\t\t\t\t<div class=\"e-con-inner\">\n\t\t\t\t<div class=\"elementor-element elementor-element-b6ffdf6 elementor-view-default elementor-position-top elementor-mobile-position-top elementor-widget elementor-widget-icon-box\" data-id=\"b6ffdf6\" data-element_type=\"widget\" data-widget_type=\"icon-box.default\">\n\t\t\t\t\t\t\t<div class=\"elementor-icon-box-wrapper\">\n\n\t\t\t\t\t\t<div class=\"elementor-icon-box-icon\">\n\t\t\t\t<span  class=\"elementor-icon\">\n\t\t\t\t<svg xmlns=\"http:\/\/www.w3.org\/2000\/svg\" xmlns:xlink=\"http:\/\/www.w3.org\/1999\/xlink\" id=\"Layer_1\" x=\"0px\" y=\"0px\" viewBox=\"0 0 40 40\" style=\"enable-background:new 0 0 40 40;\" xml:space=\"preserve\"><path d=\"M31.5,0h-23C6,0,3.9,2.1,3.9,4.6v30.8C3.9,37.9,6,40,8.5,40h23c2.5,0,4.6-2.1,4.6-4.6V4.6C36.1,2.1,34,0,31.5,0z M34.3,35.4 c0,1.5-1.2,2.8-2.8,2.8h-23c-1.5,0-2.8-1.2-2.8-2.8V4.6c0-1.5,1.2-2.8,2.8-2.8h23c1.5,0,2.8,1.2,2.8,2.8V35.4z M23.5,32.5 c0,0.5-0.4,0.9-0.9,0.9h-5.7c-0.5,0-0.9-0.4-0.9-0.9s0.4-0.9,0.9-0.9h5.7C23.1,31.5,23.5,31.9,23.5,32.5z\"><\/path><\/svg>\t\t\t\t<\/span>\n\t\t\t<\/div>\n\t\t\t\n\t\t\t\t\t\t<div class=\"elementor-icon-box-content\">\n\n\t\t\t\t\t\t\t\t\t<h5 class=\"elementor-icon-box-title\">\n\t\t\t\t\t\t<span  >\n\t\t\t\t\t\t\tTelefon\t\t\t\t\t\t<\/span>\n\t\t\t\t\t<\/h5>\n\t\t\t\t\n\t\t\t\t\t\t\t\t\t<p class=\"elementor-icon-box-description\">\n\t\t\t\t\t\t07553 113043\t\t\t\t\t<\/p>\n\t\t\t\t\n\t\t\t<\/div>\n\t\t\t\n\t\t<\/div>\n\t\t\t\t\t\t<\/div>\n\t\t\t\t\t<\/div>\n\t\t\t\t<\/div>\n\t\t\t\t\t<\/div>\n\t\t\t\t<\/div>\n\t\t\t\t\t<\/div>\n\t\t\t\t<\/div>\n\t\t<div class=\"elementor-element elementor-element-1f1d57a e-flex e-con-boxed e-con e-parent\" data-id=\"1f1d57a\" data-element_type=\"container\">\n\t\t\t\t\t<div class=\"e-con-inner\">\n\t\t<div class=\"elementor-element elementor-element-f1f10da e-con-full e-flex e-con e-child\" data-id=\"f1f10da\" data-element_type=\"container\">\n\t\t\t\t<div class=\"elementor-element elementor-element-245a653 elementor-widget elementor-widget-heading\" data-id=\"245a653\" data-element_type=\"widget\" data-widget_type=\"heading.default\">\n\t\t\t\t\t<h2 class=\"elementor-heading-title elementor-size-default\">Vezi pe hart\u0103<\/h2>\t\t\t\t<\/div>\n\t\t\t\t<div class=\"elementor-element elementor-element-6470ca9 elementor-widget elementor-widget-text-editor\" data-id=\"6470ca9\" data-element_type=\"widget\" data-widget_type=\"text-editor.default\">\n\t\t\t\t\t\t\t\t\t<p>Hai s\u0103 planific\u0103m \u00eempreun\u0103 evenimentul t\u0103u perfect<\/p>\t\t\t\t\t\t\t\t<\/div>\n\t\t\t\t<\/div>\n\t\t\t\t\t<\/div>\n\t\t\t\t<\/div>\n\t\t<div class=\"elementor-element elementor-element-053b13b e-flex e-con-boxed e-con e-parent\" data-id=\"053b13b\" data-element_type=\"container\">\n\t\t\t\t\t<div class=\"e-con-inner\">\n\t\t\t\t<div class=\"elementor-element elementor-element-2eb2cd8 elementor-widget elementor-widget-google_maps\" data-id=\"2eb2cd8\" data-element_type=\"widget\" data-widget_type=\"google_maps.default\">\n\t\t\t\t\t\t\t<div class=\"elementor-custom-embed\">\n\t\t\t<iframe\n\t\t\t\t\tdata-src=\"https:\/\/maps.google.com\/maps?q=113%20River%20Rd.%2C%20Barking%20IG11%200EG&#038;t=m&#038;z=14&#038;output=embed&#038;iwloc=near\"\n\t\t\t\t\ttitle=\"113 River Rd., Barking IG11 0EG\"\n\t\t\t\t\taria-label=\"113 River Rd., Barking IG11 0EG\"\n\t\t\t src=\"data:image\/svg+xml;base64,PHN2ZyB3aWR0aD0iMSIgaGVpZ2h0PSIxIiB4bWxucz0iaHR0cDovL3d3dy53My5vcmcvMjAwMC9zdmciPjwvc3ZnPg==\" class=\"lazyload\" data-load-mode=\"1\"><\/iframe>\n\t\t<\/div>\n\t\t\t\t\t\t<\/div>\n\t\t\t\t\t<\/div>\n\t\t\t\t<\/div>\n\t\t<div class=\"elementor-element elementor-element-9633d4c e-con-full e-flex e-con e-child\" data-id=\"9633d4c\" data-element_type=\"container\" data-settings=\"{&quot;background_background&quot;:&quot;classic&quot;}\">\n\t\t<div class=\"elementor-element elementor-element-4df4d30b e-grid e-con-full e-con e-child\" data-id=\"4df4d30b\" data-element_type=\"container\">\n\t\t\t\t<div data-ep-wrapper-link=\"{&quot;url&quot;:&quot;https:\\\/\\\/www.just-eat.co.uk\\\/&quot;,&quot;is_external&quot;:&quot;&quot;,&quot;nofollow&quot;:&quot;&quot;,&quot;custom_attributes&quot;:&quot;&quot;}\" style=\"cursor: pointer\" class=\"bdt-element-link elementor-element elementor-element-4813c8d4 elementor-widget elementor-widget-image\" data-id=\"4813c8d4\" data-element_type=\"widget\" data-widget_type=\"image.default\">\n\t\t\t\t\t\t\t\t\t\t\t\t\t\t\t\t<a href=\"https:\/\/www.just-eat.co.uk\/\">\n\t\t\t\t\t\t\t<img fetchpriority=\"high\" decoding=\"async\" width=\"300\" height=\"239\" src=\"https:\/\/restaurantriver.co.uk\/wp-content\/uploads\/2026\/01\/justeat-300x239.png\" class=\"attachment-medium size-medium wp-image-2230\" alt=\"\" srcset=\"https:\/\/restaurantriver.co.uk\/wp-content\/uploads\/2026\/01\/justeat-300x239.png 300w, https:\/\/restaurantriver.co.uk\/wp-content\/uploads\/2026\/01\/justeat-1024x817.png 1024w, https:\/\/restaurantriver.co.uk\/wp-content\/uploads\/2026\/01\/justeat-768x613.png 768w, https:\/\/restaurantriver.co.uk\/wp-content\/uploads\/2026\/01\/justeat-1536x1226.png 1536w, https:\/\/restaurantriver.co.uk\/wp-content\/uploads\/2026\/01\/justeat-2048x1634.png 2048w\" sizes=\"(max-width: 300px) 100vw, 300px\" \/>\t\t\t\t\t\t\t\t<\/a>\n\t\t\t\t\t\t\t\t\t\t\t\t\t\t\t<\/div>\n\t\t\t\t<div class=\"elementor-element elementor-element-f518634 elementor-widget elementor-widget-image\" data-id=\"f518634\" data-element_type=\"widget\" data-widget_type=\"image.default\">\n\t\t\t\t\t\t\t\t\t\t\t\t\t\t\t\t<a href=\"https:\/\/www.ubereats.com\/gb\">\n\t\t\t\t\t\t\t<img decoding=\"async\" width=\"300\" height=\"48\" data-src=\"https:\/\/restaurantriver.co.uk\/wp-content\/uploads\/2026\/01\/uber-eats-seeklogo-300x48.png\" class=\"attachment-medium size-medium wp-image-2232 lazyload\" alt=\"\" data-srcset=\"https:\/\/restaurantriver.co.uk\/wp-content\/uploads\/2026\/01\/uber-eats-seeklogo-300x48.png 300w, https:\/\/restaurantriver.co.uk\/wp-content\/uploads\/2026\/01\/uber-eats-seeklogo-1024x165.png 1024w, https:\/\/restaurantriver.co.uk\/wp-content\/uploads\/2026\/01\/uber-eats-seeklogo-768x124.png 768w, https:\/\/restaurantriver.co.uk\/wp-content\/uploads\/2026\/01\/uber-eats-seeklogo-1536x248.png 1536w, https:\/\/restaurantriver.co.uk\/wp-content\/uploads\/2026\/01\/uber-eats-seeklogo.png 2000w\" data-sizes=\"(max-width: 300px) 100vw, 300px\" src=\"data:image\/svg+xml;base64,PHN2ZyB3aWR0aD0iMSIgaGVpZ2h0PSIxIiB4bWxucz0iaHR0cDovL3d3dy53My5vcmcvMjAwMC9zdmciPjwvc3ZnPg==\" style=\"--smush-placeholder-width: 300px; --smush-placeholder-aspect-ratio: 300\/48;\" \/>\t\t\t\t\t\t\t\t<\/a>\n\t\t\t\t\t\t\t\t\t\t\t\t\t\t\t<\/div>\n\t\t\t\t<\/div>\n\t\t\t\t<\/div>\n\t\t\t\t<\/div>\n\t\t","protected":false},"excerpt":{"rendered":"<p>Contacteaz\u0103-ne Adres\u0103 113 River Road, Barking IG11 0EG Email restaurant_river@yahoo.com Telefon 07553 113043 Vezi pe hart\u0103 Hai s\u0103 planific\u0103m \u00eempreun\u0103 evenimentul t\u0103u perfect<\/p>\n","protected":false},"author":1,"featured_media":0,"parent":0,"menu_order":0,"comment_status":"closed","ping_status":"closed","template":"","meta":{"footnotes":""},"class_list":["post-1105","page","type-page","status-publish","hentry"],"blocksy_meta":{"page_title_panel":"","has_hero_section":"disabled","572c47b14932e2f0aa39fe8a3b02ea1c":"","hero_section":"type-1","hero_elements":[{"id":"custom_title","enabled":true,"heading_tag":"h1","title":"Home"},{"id":"custom_description","enabled":true,"description_visibility":{"desktop":true,"tablet":true,"mobile":false}},{"id":"custom_meta","enabled":false,"meta_elements":[{"id":"author","enabled":true,"label":"By","has_author_avatar":"yes","avatar_size":25},{"id":"post_date","enabled":true,"label":"On","date_format_source":"default","date_format":"M j, Y"},{"id":"updated_date","enabled":false,"label":"On","date_format_source":"default","date_format":"M j, Y"},{"id":"categories","enabled":false,"label":"In","style":"simple"},{"id":"comments","enabled":true}],"page_meta_elements":{"joined":true,"articles_count":true,"comments":true}},{"id":"breadcrumbs","enabled":false}],"0d89bcd995f6f60e62d8a749e34a42b1":"","hero_alignment1":"CT_CSS_SKIP_RULE","hero_margin":40,"hero_alignment2":"center","hero_vertical_alignment":"center","1879564ed93a8dfdb253c7e651f06fb4":"","hero_structure":"narrow","4e61c142bb79d76230f340b2e313c322":"","page_title_bg_type":"featured_image","custom_hero_background":{"attachment_id":null},"page_title_image_size":"full","parallax":{"desktop":false,"tablet":false,"mobile":false},"1a3a5603bba075df7402413bc78ac35a":"","hero_height":"250px","pageTitleFont":{"family":"Default","variation":"Default","size":"30px","line-height":"CT_CSS_SKIP_RULE","letter-spacing":"CT_CSS_SKIP_RULE","text-transform":"CT_CSS_SKIP_RULE","text-decoration":"CT_CSS_SKIP_RULE"},"pageTitleFontColor":{"default":{"color":"CT_CSS_SKIP_RULEDEFAULT"}},"pageMetaFont":{"family":"Default","variation":"n6","size":"12px","line-height":"1.3","letter-spacing":"CT_CSS_SKIP_RULE","text-transform":"uppercase","text-decoration":"CT_CSS_SKIP_RULE"},"pageMetaFontColor":{"default":{"color":"CT_CSS_SKIP_RULEDEFAULT"},"hover":{"color":"CT_CSS_SKIP_RULEDEFAULT"}},"page_meta_button_type_font_colors":{"default":{"color":"CT_CSS_SKIP_RULEDEFAULT"},"hover":{"color":"CT_CSS_SKIP_RULEDEFAULT"}},"page_meta_button_type_background_colors":{"default":{"color":"CT_CSS_SKIP_RULEDEFAULT"},"hover":{"color":"CT_CSS_SKIP_RULEDEFAULT"}},"pageExcerptFont":{"family":"Default","variation":"Default","size":"CT_CSS_SKIP_RULE","line-height":"CT_CSS_SKIP_RULE","letter-spacing":"CT_CSS_SKIP_RULE","text-transform":"CT_CSS_SKIP_RULE","text-decoration":"CT_CSS_SKIP_RULE"},"pageExcerptColor":{"default":{"color":"CT_CSS_SKIP_RULEDEFAULT"}},"breadcrumbsFont":{"family":"Default","variation":"Default","size":"CT_CSS_SKIP_RULE","line-height":"CT_CSS_SKIP_RULE","letter-spacing":"CT_CSS_SKIP_RULE","text-transform":"CT_CSS_SKIP_RULE","text-decoration":"CT_CSS_SKIP_RULE"},"breadcrumbsFontColor":{"default":{"color":"CT_CSS_SKIP_RULEDEFAULT"},"initial":{"color":"CT_CSS_SKIP_RULEDEFAULT"},"hover":{"color":"CT_CSS_SKIP_RULEDEFAULT"}},"pageTitleOverlay":{"background_type":"color","background_pattern":"type-1","background_image":{"attachment_id":null,"x":0,"y":0},"gradient":"linear-gradient(135deg,rgba(6,147,227,1) 0%,rgb(155,81,224) 100%)","background_repeat":"repeat","background_size":"auto","background_attachment":"scroll","patternColor":{"default":{"color":"#e5e7ea"}},"overlayColor":{"default":{"color":"CT_CSS_SKIP_RULE"}},"backgroundColor":{"default":{"color":"CT_CSS_SKIP_RULE"}}},"pageTitleBackground":{"background_type":"color","background_pattern":"type-1","background_image":{"attachment_id":null,"x":0,"y":0},"gradient":"linear-gradient(135deg,rgba(6,147,227,1) 0%,rgb(155,81,224) 100%)","background_repeat":"repeat","background_size":"auto","background_attachment":"scroll","patternColor":{"default":{"color":"#e5e7ea"}},"overlayColor":{"default":{"color":"CT_CSS_SKIP_RULE"}},"backgroundColor":{"default":{"color":"var(--theme-palette-color-6)"}}},"pageTitlePadding":{"top":"50px","bottom":"50px","left":"auto","right":"auto","linked":true},"dbb2ac2a8916d047a7bf0421ddaa887d":"","page_structure_type":"default","f14d4aac1afb33182208869e4a29deac":"","content_style_source":"inherit","content_style":"wide","vertical_spacing_source":"custom","content_area_spacing":"none","background":{"background_type":"color","background_pattern":"type-1","background_image":{"attachment_id":null,"x":0,"y":0},"gradient":"linear-gradient(135deg,rgba(6,147,227,1) 0%,rgb(155,81,224) 100%)","background_repeat":"repeat","background_size":"auto","background_attachment":"scroll","patternColor":{"default":{"color":"#e5e7ea"}},"overlayColor":{"default":{"color":"CT_CSS_SKIP_RULE"}},"backgroundColor":{"default":{"color":"CT_CSS_SKIP_RULE"}}},"content_background":{"background_type":"color","background_pattern":"type-1","background_image":{"attachment_id":null,"x":0,"y":0},"gradient":"linear-gradient(135deg,rgba(6,147,227,1) 0%,rgb(155,81,224) 100%)","background_repeat":"repeat","background_size":"auto","background_attachment":"scroll","patternColor":{"default":{"color":"#e5e7ea"}},"overlayColor":{"default":{"color":"CT_CSS_SKIP_RULE"}},"backgroundColor":{"default":{"color":"var(--theme-palette-color-8)"}}},"content_boxed_shadow":{"inherit":false,"blur":18,"spread":-6,"v_offset":12,"h_offset":0,"inset":false,"enable":true,"color":{"color":"rgba(34, 56, 101, 0.04)"}},"content_boxed_border":{"width":1,"style":"none","color":{"color":"rgba(44,62,80,0.2)"}},"content_boxed_radius":{"top":"3px","bottom":"3px","left":"3px","right":"3px","linked":true},"boxed_content_spacing":{"desktop":{"top":"40px","bottom":"40px","left":"40px","right":"40px","linked":true},"tablet":{"top":"35px","bottom":"35px","left":"35px","right":"35px","linked":true},"mobile":{"top":"20px","bottom":"20px","left":"20px","right":"20px","linked":true}},"85286816938fdfc0153fdffc15a4e854":"","disable_featured_image":"no","disable_share_box":"no","disable_header":"no","disable_footer":"no","styles_descriptor":{"styles":{"desktop":"","tablet":"","mobile":""},"google_fonts":[],"version":6}},"_links":{"self":[{"href":"https:\/\/restaurantriver.co.uk\/index.php\/wp-json\/wp\/v2\/pages\/1105","targetHints":{"allow":["GET"]}}],"collection":[{"href":"https:\/\/restaurantriver.co.uk\/index.php\/wp-json\/wp\/v2\/pages"}],"about":[{"href":"https:\/\/restaurantriver.co.uk\/index.php\/wp-json\/wp\/v2\/types\/page"}],"author":[{"embeddable":true,"href":"https:\/\/restaurantriver.co.uk\/index.php\/wp-json\/wp\/v2\/users\/1"}],"replies":[{"embeddable":true,"href":"https:\/\/restaurantriver.co.uk\/index.php\/wp-json\/wp\/v2\/comments?post=1105"}],"version-history":[{"count":51,"href":"https:\/\/restaurantriver.co.uk\/index.php\/wp-json\/wp\/v2\/pages\/1105\/revisions"}],"predecessor-version":[{"id":2277,"href":"https:\/\/restaurantriver.co.uk\/index.php\/wp-json\/wp\/v2\/pages\/1105\/revisions\/2277"}],"wp:attachment":[{"href":"https:\/\/restaurantriver.co.uk\/index.php\/wp-json\/wp\/v2\/media?parent=1105"}],"curies":[{"name":"wp","href":"https:\/\/api.w.org\/{rel}","templated":true}]}}